{"id":1129,"date":"2020-12-22T23:44:06","date_gmt":"2020-12-22T22:44:06","guid":{"rendered":"https:\/\/www.andreas-mehltretter.de\/wp\/?page_id=1129"},"modified":"2020-12-23T18:39:44","modified_gmt":"2020-12-23T17:39:44","slug":"meine-top-alben-2020","status":"publish","type":"page","link":"https:\/\/www.andreas-mehltretter.de\/archiv\/meine-top-alben-listen\/meine-top-alben-2020\/","title":{"rendered":"Meine Top-Alben 2020"},"content":{"rendered":"\n<div class=\"wp-block-image\"><figure class=\"alignright size-large\"><img decoding=\"async\" src=\"https:\/\/upload.wikimedia.org\/wikipedia\/en\/5\/51\/The_Flaming_Lips_American_Head_Cover.png\" alt=\"\" width=\"NaN\" height=\"NaN\"\/><\/figure><\/div>\n\n\n\n<p>Sowas aber auch, haben die Flaming Lips schon wieder ein Album ver\u00f6ffentlicht \u2013 und das ist auch noch das beste seit \u201eEmbryonic\u201c 2009, sodass es nat\u00fcrlich ohne Zweifel auf Platz 1 landen muss. Pauls Jets, die es letztes Jahr nur auf Platz 4 geschafft haben, und Tame Impala haben sich 2020 mit starken Alben die Pl\u00e4tze 2 und 3 verdient. \u00dcber Platz 4 habe ich mich besonders gefreut: Nach einigen Durchh\u00e4ngern hat Travis, eine meiner ersten Lieblingsbands, mal wieder ein tolles Album aufgenommen. Wenigstens musikalisch hat 2020 durchweg Spa\u00df gemacht, da war die Beschr\u00e4nkung auf 50 Alben schon eine kleine Herausforderung.<\/p>\n\n\n\n<ol class=\"wp-block-list\"><li>The Flaming Lips: American Head<\/li><li>Pauls Jets: Highlights zum Einschlafen<\/li><li>Tame Impala: The Slow Rush<\/li><li>Travis: 10 Songs<\/li><li>Declan McKenna: Zeros<\/li><li>The Avalanches: We Will Always Love You<\/li><li>Fleet Foxes: Shore<\/li><li>Son Lux: Tomorrows I<\/li><li>Everything Everything: Re-Animator<\/li><li>Gorillaz: Song Machine, Season One: Strange Timez<\/li><li>Pete Josef: I Rise with the Birds<\/li><li>Baxter Dury: The Night Chancers<\/li><li>Phoebe Bridgers: Punisher<\/li><li>Hayley Williams: Petals For Armor<\/li><li>HAIM: Women In Music Pt. III<\/li><li>Sufjan Stevens: The Ascension<\/li><li>The Nix: Sausage Studio Sessions<\/li><li>Paul McCartney: McCartney III<\/li><li>Tara Nome Doyle: Alchemy<\/li><li>Sylvan Esso: Free Love<\/li><li>Jessie Ware: What\u2018s Your Pleasure?<\/li><li>L\u00e5psley: Through Water<\/li><li>Denai Moore: Modern Dread<\/li><li>Blake Mills: Mutable Set<\/li><li>U.S. Girls: Heavy Light<\/li><li>Deap Lips: Deap Lips<\/li><li>Klangstof: The Noise You Make Is Silent<\/li><li>Perfume Genius: Set My Heart On Fire Immediately<\/li><li>Agnes Obel: Myopia<\/li><li>Austra: HiRUDiN<\/li><li>Nadine Shah: Kitchen Sink<\/li><li>Son Lux: Tomorrows II<\/li><li>Half Waif: The Caretaker<\/li><li>The Districts: You Know I\u2018m Not Going Anywhere<\/li><li>Clock Opera: Carousel<\/li><li>Caribou: Suddenly<\/li><li>Yves Tumor: Heaven To A Tortured Mind<\/li><li>Destroyer: Have We Met<\/li><li>The Saxophones: Eternity Bay<\/li><li>Dizzy: The Sun And Her Scorsh<\/li><li>Future Islands: As Long As You Are<\/li><li>Badly Drawn Boy: Banana Skin Shoes<\/li><li>The Orielles: Disco Volador<\/li><li>Dan Deacon: Mystic Familiar<\/li><li>Dirty Projectors: 5EPs<\/li><li>Ben Watt: Storm Damage<\/li><li>Giant Rooks: ROOKERY<\/li><li>Jonathan Wilson: Dixie Blur<\/li><li>LA Priest: GENE<\/li><li>Mr Ben &amp; the Bens: Life Drawing<\/li><\/ol>\n\n\n\n<p><a href=\"https:\/\/www.andreas-mehltretter.de\/wp\/meine-top-alben-listen\/\" data-type=\"page\" data-id=\"935\">Zur \u00dcbersicht der Listen fr\u00fcherer Jahre<\/a><\/p>\n","protected":false},"excerpt":{"rendered":"<p>Sowas aber auch, haben die Flaming Lips schon wieder ein Album ver\u00f6ffentlicht \u2013 und das ist auch noch das beste &hellip; <a href=\"https:\/\/www.andreas-mehltretter.de\/archiv\/meine-top-alben-listen\/meine-top-alben-2020\/\" class=\"more-link\">Continue reading <span class=\"screen-reader-text\">Meine Top-Alben 2020<\/span><\/a><\/p>\n","protected":false},"author":2,"featured_media":0,"parent":935,"menu_order":0,"comment_status":"closed","ping_status":"closed","template":"","meta":{"jetpack_post_was_ever_published":false,"footnotes":""},"class_list":["post-1129","page","type-page","status-publish","hentry"],"jetpack_sharing_enabled":true,"_links":{"self":[{"href":"https:\/\/www.andreas-mehltretter.de\/archiv\/wp-json\/wp\/v2\/pages\/1129","targetHints":{"allow":["GET"]}}],"collection":[{"href":"https:\/\/www.andreas-mehltretter.de\/archiv\/wp-json\/wp\/v2\/pages"}],"about":[{"href":"https:\/\/www.andreas-mehltretter.de\/archiv\/wp-json\/wp\/v2\/types\/page"}],"author":[{"embeddable":true,"href":"https:\/\/www.andreas-mehltretter.de\/archiv\/wp-json\/wp\/v2\/users\/2"}],"replies":[{"embeddable":true,"href":"https:\/\/www.andreas-mehltretter.de\/archiv\/wp-json\/wp\/v2\/comments?post=1129"}],"version-history":[{"count":3,"href":"https:\/\/www.andreas-mehltretter.de\/archiv\/wp-json\/wp\/v2\/pages\/1129\/revisions"}],"predecessor-version":[{"id":1139,"href":"https:\/\/www.andreas-mehltretter.de\/archiv\/wp-json\/wp\/v2\/pages\/1129\/revisions\/1139"}],"up":[{"embeddable":true,"href":"https:\/\/www.andreas-mehltretter.de\/archiv\/wp-json\/wp\/v2\/pages\/935"}],"wp:attachment":[{"href":"https:\/\/www.andreas-mehltretter.de\/archiv\/wp-json\/wp\/v2\/media?parent=1129"}],"curies":[{"name":"wp","href":"https:\/\/api.w.org\/{rel}","templated":true}]}}