{"id":1184,"date":"2021-04-17T20:03:34","date_gmt":"2021-04-17T18:03:34","guid":{"rendered":"https:\/\/www.andreas-mehltretter.de\/wp\/?page_id=1184"},"modified":"2021-09-19T22:26:10","modified_gmt":"2021-09-19T20:26:10","slug":"konsequente-aber-gerechte-energiewende","status":"publish","type":"page","link":"https:\/\/www.andreas-mehltretter.de\/archiv\/meine-schwerpunkte\/konsequente-aber-gerechte-energiewende\/","title":{"rendered":"Konsequente, aber gerechte Energiewende"},"content":{"rendered":"\n<p>Der Klimawandel bedroht die Menschheit existentiell. Wenn wir ihn nicht rechtzeitig aufhalten, wird sich unsere Lebenssituation in Deutschland noch in diesem Jahrhundert dramatisch verschlechtern \u2013 w\u00e4hrend in anderen Weltregionen die Auswirkungen noch katastrophaler und f\u00fcr viele Menschen t\u00f6dlich sein werden. Nicht nur die Moral, sondern auch das Ziel, unseren und den globalen Wohlstand \u00fcber die n\u00e4chsten zwanzig Jahre hinaus zu erhalten, gebieten es also, die Klimaziele nach dem Pariser Klimaschutzabkommen einzuhalten. Wir brauchen daf\u00fcr eine Energiewende, die so konsequent und z\u00fcgig durchgef\u00fchrt wird, dass wir unser Budget an klimasch\u00e4dlichen Emissionen nicht \u00fcberziehen.<\/p>\n\n\n\n<figure class=\"wp-block-video\"><video height=\"1080\" style=\"aspect-ratio: 1920 \/ 1080;\" width=\"1920\" controls poster=\"https:\/\/www.andreas-mehltretter.de\/wp\/wp-content\/uploads\/2021\/09\/Energiewende-Preview-Bild.jpg\" src=\"https:\/\/www.andreas-mehltretter.de\/wp\/wp-content\/uploads\/2021\/09\/Mehltretter-Energiewende.mp4\"><\/video><\/figure>\n\n\n\n<div class=\"wp-block-image\"><figure class=\"alignright size-medium is-resized\"><a href=\"https:\/\/www.andreas-mehltretter.de\/wp\/wp-content\/uploads\/2020\/10\/Windrad-2-scaled.jpeg\"><img loading=\"lazy\" decoding=\"async\" src=\"https:\/\/www.andreas-mehltretter.de\/wp\/wp-content\/uploads\/2020\/10\/Windrad-2-157x300.jpeg\" alt=\"\" class=\"wp-image-1061\" width=\"261\" height=\"499\" srcset=\"https:\/\/www.andreas-mehltretter.de\/archiv\/wp-content\/uploads\/2020\/10\/Windrad-2-157x300.jpeg 157w, https:\/\/www.andreas-mehltretter.de\/archiv\/wp-content\/uploads\/2020\/10\/Windrad-2-535x1024.jpeg 535w, https:\/\/www.andreas-mehltretter.de\/archiv\/wp-content\/uploads\/2020\/10\/Windrad-2-scaled.jpeg 1338w\" sizes=\"auto, (max-width: 261px) 100vw, 261px\" \/><\/a><\/figure><\/div>\n\n\n\n<p>Um das zu schaffen, m\u00fcssen wir in allen Bereichen unsere <strong>Energiewende-Ma\u00dfnahmen schneller und entschiedener umsetzen<\/strong>: Wir m\u00fcssen die W\u00e4rmeversorgung auf W\u00e4rmepumpen und Fernw\u00e4rme umstellen, damit keine neuen \u00d6l- und Gasheizungen eingebaut und alte ersetzt werden. Der Ausbau von Wind- und Solarkraft muss vervielfacht werden, indem er wieder langfristig planbar gef\u00f6rdert und die 10H-Regel abgeschafft wird. F\u00fcr die Verkehrswende m\u00fcssen wir den \u00f6ffentlichen Nahverkehr ausbauen, sodass jeder Ort mindestens einmal pro Stunde mit Bus oder Bahn bedient wird, den Fern- und G\u00fcterverkehr auf der Schiene zuverl\u00e4ssig und schnell machen und Verbrennerautos durch Elektroautos ersetzen. Wasserstoff und synthetische Kraftstoffe haben einen viel schlechteren Wirkungsgrad als Batterien, k\u00f6nnen aber bei LKWs, Schiffen oder Flugzeugen einen wichtigen Beitrag leisten.<\/p>\n\n\n\n<p>F\u00fcr mich als Sozialdemokrat ist dabei entscheidend, dass wir die <strong>Lasten und Kosten, die die Energiewende zwingend mit sich bringt, gerecht verteilen<\/strong>: Ein CO<sub>2<\/sub>-Preis ist deshalb kein Allheilmittel, weil sich zwar \u00c4rmere dadurch einschr\u00e4nken m\u00fcssen, Reichere sich aber einfach freikaufen k\u00f6nnen, ohne ihr Leben zu \u00e4ndern. Wir m\u00fcssen deshalb auch auf kluge, steuerfinanzierte F\u00f6rderung erneuerbarer Energien setzen und klimafreundliche Alternativen schaffen, sodass etwa bei der Mobilit\u00e4t ein gut ausgebauter, g\u00fcnstiger \u00f6ffentlicher Nahverkehr ressourcenfressende (E-)Autos ersetzen kann. Die Einnahmen aus der CO<sub>2<\/sub>-Steuer m\u00fcssen au\u00dferdem per Klima-Bonus pro Kopf wieder zur\u00fcckgezahlt werden, sodass unterm Strich die \u00c4rmeren, die weniger klimasch\u00e4dlich leben, finanziell profitieren.<\/p>\n\n\n\n<p>Nichtsdestotrotz d\u00fcrfen wir nicht vergessen, dass Deutschland nur einen geringen Anteil der derzeitigen globalen Emissionen selbst einsparen kann. Wir m\u00fcssen trotzdem tun, was wir tun k\u00f6nnen \u2013 aber auch die Priorit\u00e4ten dementsprechend setzen: Wenn wir es schaffen, mit technischen Innovationen die Kosten zur klimafreundlichen Erzeugung von Energie weiter zu senken, dann lohnt es sich \u00fcberall auf der Welt weniger, Kohle oder Gas daf\u00fcr zu verwenden. Die EU hat au\u00dferdem eine enorme Marktmacht und kann deshalb mit <strong>Klimaz\u00f6llen<\/strong> daf\u00fcr sorgen, dass Produktionen auch in L\u00e4ndern, die nach Europa exportieren, klimafreundlich umgestellt werden. So k\u00f6nnen wir einen Beitrag leisten, die Energiewende weltweit voranzutreiben.<\/p>\n","protected":false},"excerpt":{"rendered":"<p>Der Klimawandel bedroht die Menschheit existentiell. Wenn wir ihn nicht rechtzeitig aufhalten, wird sich unsere Lebenssituation in Deutschland noch in &hellip; <a href=\"https:\/\/www.andreas-mehltretter.de\/archiv\/meine-schwerpunkte\/konsequente-aber-gerechte-energiewende\/\" class=\"more-link\">Continue reading <span class=\"screen-reader-text\">Konsequente, aber gerechte Energiewende<\/span><\/a><\/p>\n","protected":false},"author":2,"featured_media":0,"parent":1045,"menu_order":0,"comment_status":"closed","ping_status":"closed","template":"","meta":{"jetpack_post_was_ever_published":false,"footnotes":""},"class_list":["post-1184","page","type-page","status-publish","hentry"],"jetpack_sharing_enabled":true,"_links":{"self":[{"href":"https:\/\/www.andreas-mehltretter.de\/archiv\/wp-json\/wp\/v2\/pages\/1184","targetHints":{"allow":["GET"]}}],"collection":[{"href":"https:\/\/www.andreas-mehltretter.de\/archiv\/wp-json\/wp\/v2\/pages"}],"about":[{"href":"https:\/\/www.andreas-mehltretter.de\/archiv\/wp-json\/wp\/v2\/types\/page"}],"author":[{"embeddable":true,"href":"https:\/\/www.andreas-mehltretter.de\/archiv\/wp-json\/wp\/v2\/users\/2"}],"replies":[{"embeddable":true,"href":"https:\/\/www.andreas-mehltretter.de\/archiv\/wp-json\/wp\/v2\/comments?post=1184"}],"version-history":[{"count":5,"href":"https:\/\/www.andreas-mehltretter.de\/archiv\/wp-json\/wp\/v2\/pages\/1184\/revisions"}],"predecessor-version":[{"id":1630,"href":"https:\/\/www.andreas-mehltretter.de\/archiv\/wp-json\/wp\/v2\/pages\/1184\/revisions\/1630"}],"up":[{"embeddable":true,"href":"https:\/\/www.andreas-mehltretter.de\/archiv\/wp-json\/wp\/v2\/pages\/1045"}],"wp:attachment":[{"href":"https:\/\/www.andreas-mehltretter.de\/archiv\/wp-json\/wp\/v2\/media?parent=1184"}],"curies":[{"name":"wp","href":"https:\/\/api.w.org\/{rel}","templated":true}]}}