{"id":1186,"date":"2021-05-14T12:42:26","date_gmt":"2021-05-14T10:42:26","guid":{"rendered":"https:\/\/www.andreas-mehltretter.de\/wp\/?page_id=1186"},"modified":"2021-05-15T12:17:47","modified_gmt":"2021-05-15T10:17:47","slug":"gut-leben-bei-uns-in-der-region","status":"publish","type":"page","link":"https:\/\/www.andreas-mehltretter.de\/archiv\/meine-schwerpunkte\/gut-leben-bei-uns-in-der-region\/","title":{"rendered":"Gut leben bei uns in der Region"},"content":{"rendered":"\n<div class=\"wp-block-image\"><figure class=\"alignright size-medium\"><a href=\"https:\/\/www.andreas-mehltretter.de\/wp\/wp-content\/uploads\/2021\/05\/Hopfengarten-scaled.jpeg\"><img loading=\"lazy\" decoding=\"async\" width=\"300\" height=\"225\" src=\"https:\/\/www.andreas-mehltretter.de\/wp\/wp-content\/uploads\/2021\/05\/Hopfengarten-300x225.jpeg\" alt=\"\" class=\"wp-image-1394\" srcset=\"https:\/\/www.andreas-mehltretter.de\/archiv\/wp-content\/uploads\/2021\/05\/Hopfengarten-300x225.jpeg 300w, https:\/\/www.andreas-mehltretter.de\/archiv\/wp-content\/uploads\/2021\/05\/Hopfengarten-1024x768.jpeg 1024w, https:\/\/www.andreas-mehltretter.de\/archiv\/wp-content\/uploads\/2021\/05\/Hopfengarten-768x576.jpeg 768w, https:\/\/www.andreas-mehltretter.de\/archiv\/wp-content\/uploads\/2021\/05\/Hopfengarten-1536x1152.jpeg 1536w, https:\/\/www.andreas-mehltretter.de\/archiv\/wp-content\/uploads\/2021\/05\/Hopfengarten-2048x1536.jpeg 2048w\" sizes=\"auto, (max-width: 300px) 100vw, 300px\" \/><\/a><\/figure><\/div>\n\n\n\n<p>Unsere Region hat ihre ganz eigenen politischen Herausforderungen, bedingt durch die Orientierung in die Gro\u00dfstadt M\u00fcnchen, aber auch in Richtung Ingolstadt und Augsburg, und mit unterschiedlichen Lebensrealit\u00e4ten in den kleinen und mittelgro\u00dfen St\u00e4dten und den kleineren Kommunen \u201eauf dem Land\u201c. Deshalb ist es entscheidend, dass unsere Region im Bundestag eine starke Stimme bekommt.<\/p>\n\n\n\n<p>Folgende Punkte sind mir dabei unter anderem wichtig:<\/p>\n\n\n\n<ul class=\"wp-block-list\"><li><strong>Bezahlbarer Wohnraum<\/strong>: Das Problem, Wohnraum in geeigneter Gr\u00f6\u00dfe und Ausstattung zu einem akzeptablem Preis zu finden, betrifft in unserer Region seit langem schon nicht nur Menschen mit kleinen Einkommen \u2013 dieses Problem durchzieht alle Gesellschaftsschichten, da sowohl Mieten als auch Grundst\u00fcckspreise in den letzten Jahren enorm angestiegen sind. Damit mehr bezahlbarer Wohnraum entsteht, m\u00fcssen wir an mehreren Stellschrauben ansetzen:<ul><li>Wir m\u00fcssen ein gr\u00f6\u00dferes Angebot an Wohnraum schaffen, indem Nachverdichtung erm\u00f6glicht und mehr Bauland ausgewiesen und zu sozial akzeptablen Bedingungen bebaut wird. Dies kann entweder durch eine \u201esozialgerechte\u201c Bodennutzung geschehen, bei der Bautr\u00e4ger einen Teil als sozialgebundenen Wohnraum realisieren, oder durch <strong>\u00f6ffentlichen Wohnungsbau<\/strong>.<\/li><li>Daf\u00fcr m\u00fcssen die Kommunen aber finanziell vom Bund besser unterst\u00fctzt werden, damit sie dieser Aufgabe auch tats\u00e4chlich nachgehen k\u00f6nnen.<\/li><li>Essentiell ist au\u00dferdem, den Wachstumsdruck auf Ballungsr\u00e4ume, die unter steigenden Mieten und Grundst\u00fcckspreisen zu leiden haben, nicht weiter zu erh\u00f6hen. Daf\u00fcr brauchen wir eine kluge Strukturpolitik, die insbesondere schwache Regionen f\u00f6rdert, statt Wachstum weiterhin auf wenige Orte zu konzentrieren.<\/li><\/ul><\/li><li><strong>Ausbau der Verkehrsinfrastruktur<\/strong>: Gro\u00dfe Teile unserer Region sind mit dem \u00f6ffentlichen Nahverkehr v\u00f6llig unzureichend, und teilweise \u00fcberhaupt nicht, angebunden. Wir brauchen endlich Busnetze und moderne Konzepte f\u00fcr Anrufsammeltaxis, die jeder Ortschaft mindestens einen Stundentakt garantieren. Dies ist von essentieller Bedeutung, zum einen f\u00fcr den Klimaschutz, zum anderen, weil Mobilit\u00e4t ein Grundrecht sein sollte, f\u00fcr das man nicht auf Auto und F\u00fchrerschein angewiesen sein darf. Auch die Bahn muss endlich mit dem Wachstum der Region Schritt halten, etwa durch einen h\u00e4ufigeren Takt von S-Bahnen und Regionalz\u00fcgen und einen Ausbau \u00fcberlasteter Strecken, z. B. zwischen Freising und M\u00fcnchen. Alternative Verkehrskonzepte mit Stadtteilautos oder Rad-Verleihsystemen k\u00f6nnen auch die Situation innerhalb der St\u00e4dte verbessern.<\/li><li><strong>Regionale Energiewende<\/strong>: Die Energiewende bietet die gro\u00dfe Chance, eine dezentrale Energieversorgung unter Beteiligung der Kommunen und der B\u00fcrger*innen vor Ort sicherzustellen. Allerdings werden durch den Freistaat, z. B. durch die 10H-Regelung, und den Bund, z. B. durch die aufw\u00e4ndigen Vergabeverfahren, der lokalen Energiewende gro\u00dfe Steine in den Weg gelegt. Damit die Energiewende funktioniert, m\u00fcssen diese H\u00fcrden endlich beseitigt werden und innovative M\u00f6glichkeiten zur lokalen Beteiligung, etwa von Windrad-Ertr\u00e4gen, geschaffen werden.<\/li><li><strong>Flughafen<\/strong>: Die Corona-Krise trifft den Flughafen und seine Arbeitnehmer*innen in starkem Ausma\u00df. Kurzarbeit federt derzeit noch das Schlimmste ab, aber die langfristigen Folgen sind noch nicht absehbar. Die Politik, die \u00fcber den Freistaat, den Bund und die Stadt M\u00fcnchen direkt beteiligt ist, muss die Arbeitnehmer*innen sch\u00fctzen und sich f\u00fcr bessere L\u00f6hne und Arbeitsbedingungen, auch bei den Drittfirmen am Flughafen, einsetzen. Gleichzeitig hat sp\u00e4testens Corona klargemacht, dass die <strong>3. Startbahn endg\u00fcltig beerdigt<\/strong> geh\u00f6rt \u2013 die Region hat sich mit dem Flughafen mit seinen zwei Bahnen arrangiert, aber vertr\u00e4gt keine dritte mehr.<\/li><li><strong>Starke Landwirtschaft<\/strong>: Die Landwirtschaft ist im Wandel und auch in der Verantwortung, Umwelt und Klima eine noch gr\u00f6\u00dfere Bedeutung beizumessen, als sie das sowieso schon tut. Dabei ist klar: Dieser Wandel darf nicht auf dem R\u00fccken der Landwirte ausgetragen werden \u2013 sie m\u00fcssen daf\u00fcr, dass sie auf Ertr\u00e4ge verzichten oder Mehrarbeit leisten m\u00fcssen, entsprechend f\u00fcr ihre Leistung bezahlt werden. Nur so kann die Landwirtschaft weiter ihren wichtigen Aufgaben f\u00fcr Umwelt und Menschen nachgehen.<\/li><li><strong>Gute Gesundheitsversorgung vor Ort<\/strong>: Dazu geh\u00f6ren etwa Haus- und Fach\u00e4rzte, Krankenh\u00e4user und Geburtsstationen; der tats\u00e4chliche Wert f\u00fcr solche Einrichtungen vor Ort lassen sich nicht an der blo\u00dfen \u201eRentabilit\u00e4t\u201c bemessen. Eine fl\u00e4chendeckende Versorgung ohne \u00fcberm\u00e4\u00dfig gro\u00dfe Entfernungen muss deshalb nicht nur das Ziel der Kommunen sein, sondern muss auch vom Bund finanziell unterst\u00fctzt werden.<\/li><li><strong>Transformation der Autoindustrie<\/strong>: Die Autoindustrie hat auch f\u00fcr unseren Wahlkreis eine gro\u00dfe Bedeutung. Es ist deshalb eine gro\u00dfe politische Aufgabe, die Transformation im Sinne der Arbeitnehmer*innen zu begleiten und zu gestalten. Klar ist, dass nur eine klimaneutrale Autoindustrie eine Zukunft hat \u2013 gerade die bayerischen Autobauer haben aber endlich auch einen klaren Kurs in Richtung E-Mobilit\u00e4t eingeschlagen. Diesen Kurs gilt es, durch den schnellen Ausbau der Ladeinfrastruktur sowie der Beibehaltung von F\u00f6rderm\u00f6glichkeiten auch politisch zu unterst\u00fctzen. Gleichzeitig m\u00fcssen Konzepte entwickelt werden, wie auch die Produktion der Autos komplett klimaneutral und ohne desastr\u00f6se Umweltauswirkungen, z. B. beim Abbau ben\u00f6tigter Rohstoffe, erfolgen kann.<\/li><\/ul>\n","protected":false},"excerpt":{"rendered":"<p>Unsere Region hat ihre ganz eigenen politischen Herausforderungen, bedingt durch die Orientierung in die Gro\u00dfstadt M\u00fcnchen, aber auch in Richtung &hellip; <a href=\"https:\/\/www.andreas-mehltretter.de\/archiv\/meine-schwerpunkte\/gut-leben-bei-uns-in-der-region\/\" class=\"more-link\">Continue reading <span class=\"screen-reader-text\">Gut leben bei uns in der Region<\/span><\/a><\/p>\n","protected":false},"author":2,"featured_media":0,"parent":1045,"menu_order":0,"comment_status":"closed","ping_status":"closed","template":"","meta":{"jetpack_post_was_ever_published":false,"footnotes":""},"class_list":["post-1186","page","type-page","status-publish","hentry"],"jetpack_sharing_enabled":true,"_links":{"self":[{"href":"https:\/\/www.andreas-mehltretter.de\/archiv\/wp-json\/wp\/v2\/pages\/1186","targetHints":{"allow":["GET"]}}],"collection":[{"href":"https:\/\/www.andreas-mehltretter.de\/archiv\/wp-json\/wp\/v2\/pages"}],"about":[{"href":"https:\/\/www.andreas-mehltretter.de\/archiv\/wp-json\/wp\/v2\/types\/page"}],"author":[{"embeddable":true,"href":"https:\/\/www.andreas-mehltretter.de\/archiv\/wp-json\/wp\/v2\/users\/2"}],"replies":[{"embeddable":true,"href":"https:\/\/www.andreas-mehltretter.de\/archiv\/wp-json\/wp\/v2\/comments?post=1186"}],"version-history":[{"count":7,"href":"https:\/\/www.andreas-mehltretter.de\/archiv\/wp-json\/wp\/v2\/pages\/1186\/revisions"}],"predecessor-version":[{"id":1395,"href":"https:\/\/www.andreas-mehltretter.de\/archiv\/wp-json\/wp\/v2\/pages\/1186\/revisions\/1395"}],"up":[{"embeddable":true,"href":"https:\/\/www.andreas-mehltretter.de\/archiv\/wp-json\/wp\/v2\/pages\/1045"}],"wp:attachment":[{"href":"https:\/\/www.andreas-mehltretter.de\/archiv\/wp-json\/wp\/v2\/media?parent=1186"}],"curies":[{"name":"wp","href":"https:\/\/api.w.org\/{rel}","templated":true}]}}