{"id":1191,"date":"2021-05-14T13:26:34","date_gmt":"2021-05-14T11:26:34","guid":{"rendered":"https:\/\/www.andreas-mehltretter.de\/wp\/?page_id=1191"},"modified":"2021-05-15T11:35:48","modified_gmt":"2021-05-15T09:35:48","slug":"gute-loehne-gute-jobs-und-gerechte-verteilung","status":"publish","type":"page","link":"https:\/\/www.andreas-mehltretter.de\/archiv\/meine-schwerpunkte\/gute-loehne-gute-jobs-und-gerechte-verteilung\/","title":{"rendered":"Gute L\u00f6hne, gute Jobs und gerechte Verteilung"},"content":{"rendered":"\n<ul class=\"wp-block-list\"><li><strong>Gute L\u00f6hne und gute Jobs<\/strong><ul><li><strong>Bessere Tarifbindung<\/strong>: Daf\u00fcr brauchen wir z. B. ein Bundestariftreuegesetz, damit \u00f6ffentliche Auftr\u00e4ge nur an Unternehmen mit Tarifbindung vergeben werden. Tarifvertr\u00e4ge m\u00fcssen au\u00dferdem endlich wieder einfach als allgemeinverbindlich erkl\u00e4rt werden k\u00f6nnen, damit auch Unternehmen, die sich gegen Tarifvertr\u00e4ge wehren, nach Tarif bezahlen m\u00fcssen.<\/li><\/ul><ul><li><strong>Mindestlohn auf mindestens 12 Euro erh\u00f6hen<\/strong>: Die Mindestlohnkommission darf sich nicht mehr nur an der allgemeinen Entwicklung des Durchschnittslohns orientieren, sondern muss die Lebenshaltungskosten, die Gesamtlage auf dem Arbeitsmarkt und die Ungleichheit der L\u00f6hne mit in den Blick nehmen. Insbesondere brauchen wir auch eine Pflegemindestlohnkommission f\u00fcr allgemeinverbindliche Branchentarifvertr\u00e4ge in der Pflege.<\/li><li><strong>Sachgrundlose Befristung abschaffen<\/strong>: Obwohl im Koalitionsvertrag vereinbart, ist die Abschaffung sachgrundloser Befristung an der Union bisher gescheitert. In der n\u00e4chsten Regierung m\u00fcssen wir das endlich umsetzen, um gerade auch jungen Arbeitnehmer*innen Perspektiven und Sicherheit zu gew\u00e4hrleisten.<\/li><li><strong>Leiharbeit gleich bezahlen<\/strong>: Leiharbeiter*innen m\u00fcssen ab dem ersten Tag genauso bezahlt werden wie die Angestellten des Betriebs, an den sie \u201eausgeliehen\u201c sind.<\/li><li><strong>Im \u00f6ffentlichen Sektor<\/strong>: Auch der \u00f6ffentliche Sektor muss endlich h\u00f6here L\u00f6hne setzen und bessere Aufstiegsm\u00f6glichkeiten bieten. Gerade bei Erzieher*innen, aber z. B. auch in den IT-Berufen, ist das dringend notwendig, um \u00fcberhaupt ausreichend Personal gewinnen zu k\u00f6nnen.<\/li><\/ul><\/li><li><strong>Einkommensverteilung<\/strong><ul><li><strong>Gerechte Einkommensteuer<\/strong>: Wir brauchen eine Reform der Einkommensteuer, die die unteren 95 % der Verdiener*innen entlastet und nur die obersten 5 % zur Gegenfinanzierung st\u00e4rker belastet. Dazu geh\u00f6rt auch die Abschaffung der Kapitalertragsteuer, damit Kapitalertr\u00e4ge wie jedes andere Einkommen auch mit dem Einkommensteuersatz versteuert wird.<\/li><li><strong>Riesengeh\u00e4lter eind\u00e4mmen<\/strong>: Auch wenn eine starre Obergrenze etwa f\u00fcr Managergeh\u00e4lter rechtlich schwierig ist, kann zumindest die steuerliche Abzugsf\u00e4higkeit begrenzt werden auf L\u00f6hne, die z. B. maximal  das 15-fache des Durchschnittseinkommens der Besch\u00e4ftigten im entsprechenden Betrieb betragen.<\/li><\/ul><ul><li><strong>Anst\u00e4ndige Grundsicherung<\/strong>: Auch eine Grundsicherung, deren H\u00f6he nicht k\u00fcnstlich kleingerechnet wird und die automatisch niedrige L\u00f6hne aufstockt, tr\u00e4gt zu einer gerechteren Einkommensverteilung bei und hilft vor allem den \u00c4rmsten in der Gesellschaft.<\/li><\/ul><\/li><li><strong>Verm\u00f6gensverteilung<\/strong><ul><li><strong>Besteuerung f\u00fcr Superreiche<\/strong>: Die Verteilung von Verm\u00f6gen ist in Deutschland unversch\u00e4mt ungleich \u2013 das reichste Prozent besitzt rund ein Drittel des gesamten Verm\u00f6gens. Deshalb tr\u00e4gt auch ein moderater Steuersatz von 1-2 Prozent auf sehr gro\u00dfe Verm\u00f6gen im Millionen- oder Milliardenbereich schon dazu bei, dass substantielle Einnahmen entstehen.<\/li><li><strong>Erbschaftssteuer f\u00fcr Superreiche<\/strong>: Erbschaften sind leistungslose Einkommen und der Haupttreiber der Verm\u00f6gensungleichheit in Deutschland. Sehr gro\u00dfe Erbschaften in Millionenh\u00f6he sollten deshalb st\u00e4rker besteuert werden. Insbesondere muss dies auch f\u00fcr vererbte Betriebe gelten, f\u00fcr die ungerechtfertigte Ausnahmen gelten. Es gibt einfache M\u00f6glichkeiten, zu verhindern, dass die Erbschaftssteuer in die Substanz der Betriebe eingreift: Neben Stundungsm\u00f6glichkeiten k\u00f6nnten auch einem Erbschafts-Staatsfonds z. B. stille Beteiligungen \u00fcbertragen werden, wenn die Erbschaftssteuer nicht aus liquiden Mitteln bezahlt werden kann.<\/li><li><strong>Gerechte Bodenpolitik<\/strong>: Gerade die enormen Wertsteigerungen von Immobilien und Grundst\u00fccken tragen zur Verm\u00f6gensungleichheit bei. Insbesondere auch um bezahlbare Wohnungen schaffen zu k\u00f6nnen, brauchen Kommunen deswegen mehr M\u00f6glichkeiten, Grundst\u00fccke etwa \u00fcber Vorkaufsrechte erwerben zu k\u00f6nnen \u2013 und dies zu fairen Preisen. Daf\u00fcr brauchen die Kommunen aber auch die finanziellen Spielr\u00e4ume, um eine vorausschauende Bodenpolitik betreiben zu k\u00f6nnen.<\/li><\/ul><\/li><\/ul>\n","protected":false},"excerpt":{"rendered":"<p>Gute L\u00f6hne und gute Jobs Bessere Tarifbindung: Daf\u00fcr brauchen wir z. B. ein Bundestariftreuegesetz, damit \u00f6ffentliche Auftr\u00e4ge nur an Unternehmen &hellip; <a href=\"https:\/\/www.andreas-mehltretter.de\/archiv\/meine-schwerpunkte\/gute-loehne-gute-jobs-und-gerechte-verteilung\/\" class=\"more-link\">Continue reading <span class=\"screen-reader-text\">Gute L\u00f6hne, gute Jobs und gerechte Verteilung<\/span><\/a><\/p>\n","protected":false},"author":2,"featured_media":0,"parent":1045,"menu_order":0,"comment_status":"closed","ping_status":"closed","template":"","meta":{"jetpack_post_was_ever_published":false,"footnotes":""},"class_list":["post-1191","page","type-page","status-publish","hentry"],"jetpack_sharing_enabled":true,"_links":{"self":[{"href":"https:\/\/www.andreas-mehltretter.de\/archiv\/wp-json\/wp\/v2\/pages\/1191","targetHints":{"allow":["GET"]}}],"collection":[{"href":"https:\/\/www.andreas-mehltretter.de\/archiv\/wp-json\/wp\/v2\/pages"}],"about":[{"href":"https:\/\/www.andreas-mehltretter.de\/archiv\/wp-json\/wp\/v2\/types\/page"}],"author":[{"embeddable":true,"href":"https:\/\/www.andreas-mehltretter.de\/archiv\/wp-json\/wp\/v2\/users\/2"}],"replies":[{"embeddable":true,"href":"https:\/\/www.andreas-mehltretter.de\/archiv\/wp-json\/wp\/v2\/comments?post=1191"}],"version-history":[{"count":5,"href":"https:\/\/www.andreas-mehltretter.de\/archiv\/wp-json\/wp\/v2\/pages\/1191\/revisions"}],"predecessor-version":[{"id":1392,"href":"https:\/\/www.andreas-mehltretter.de\/archiv\/wp-json\/wp\/v2\/pages\/1191\/revisions\/1392"}],"up":[{"embeddable":true,"href":"https:\/\/www.andreas-mehltretter.de\/archiv\/wp-json\/wp\/v2\/pages\/1045"}],"wp:attachment":[{"href":"https:\/\/www.andreas-mehltretter.de\/archiv\/wp-json\/wp\/v2\/media?parent=1191"}],"curies":[{"name":"wp","href":"https:\/\/api.w.org\/{rel}","templated":true}]}}