{"id":1306,"date":"2021-04-15T21:58:01","date_gmt":"2021-04-15T19:58:01","guid":{"rendered":"https:\/\/www.andreas-mehltretter.de\/wp\/?page_id=1306"},"modified":"2022-08-30T16:32:03","modified_gmt":"2022-08-30T14:32:03","slug":"termine","status":"publish","type":"page","link":"https:\/\/www.andreas-mehltretter.de\/archiv\/termine\/","title":{"rendered":"Termine"},"content":{"rendered":"\n<p><\/p>\n\n\n\n<h2 class=\"wp-block-heading\"><strong>Ern\u00e4hrungs- und Energiesicherheit \u2013 wie wir diese globalen Herausforderungen bew\u00e4ltigen k\u00f6nnen<\/strong><\/h2>\n\n\n\n<figure class=\"wp-block-image size-full\"><img loading=\"lazy\" decoding=\"async\" width=\"2400\" height=\"1244\" src=\"https:\/\/www.andreas-mehltretter.de\/wp\/wp-content\/uploads\/2022\/08\/2022-09-13-Facebook-Cover-Baerbel.png\" alt=\"\" class=\"wp-image-1769\" srcset=\"https:\/\/www.andreas-mehltretter.de\/archiv\/wp-content\/uploads\/2022\/08\/2022-09-13-Facebook-Cover-Baerbel.png 2400w, https:\/\/www.andreas-mehltretter.de\/archiv\/wp-content\/uploads\/2022\/08\/2022-09-13-Facebook-Cover-Baerbel-300x156.png 300w, https:\/\/www.andreas-mehltretter.de\/archiv\/wp-content\/uploads\/2022\/08\/2022-09-13-Facebook-Cover-Baerbel-1024x531.png 1024w, https:\/\/www.andreas-mehltretter.de\/archiv\/wp-content\/uploads\/2022\/08\/2022-09-13-Facebook-Cover-Baerbel-768x398.png 768w, https:\/\/www.andreas-mehltretter.de\/archiv\/wp-content\/uploads\/2022\/08\/2022-09-13-Facebook-Cover-Baerbel-1536x796.png 1536w, https:\/\/www.andreas-mehltretter.de\/archiv\/wp-content\/uploads\/2022\/08\/2022-09-13-Facebook-Cover-Baerbel-2048x1062.png 2048w\" sizes=\"auto, (max-width: 2400px) 100vw, 2400px\" \/><\/figure>\n\n\n\n<p>Diskussionsveranstaltung mit<br><strong>Dr. B\u00e4rbel Kofler, MdB, Parlamentarische Staatssekret\u00e4rin bei der Bundesministerin f\u00fcr wirtschaftliche Zusammenarbeit und Entwicklung<\/strong><\/p>\n\n\n\n<p>am <strong>Dienstag, den 13. September, 19 Uhr<\/strong><br>im <strong>M\u00fcllerbr\u00e4u in Pfaffenhofen, Hauptplatz 2<\/strong>.<br><br><a rel=\"noreferrer noopener\" href=\"https:\/\/www.facebook.com\/events\/528801342370277\" target=\"_blank\">Die Facebook-Veranstaltung mit allen weiteren Infos dazu finden Sie hier.<\/a><\/p>\n\n\n\n<p><\/p>\n\n\n\n<h2 class=\"wp-block-heading\">Sommertour 2022<\/h2>\n\n\n<div class=\"wp-block-image\">\n<figure class=\"alignright size-large is-resized\"><a href=\"https:\/\/www.andreas-mehltretter.de\/links\/sommertour2022\"><img loading=\"lazy\" decoding=\"async\" src=\"https:\/\/www.andreas-mehltretter.de\/wp\/wp-content\/uploads\/2022\/07\/Sommertour-Label-mit-Karte-1024x694.png\" alt=\"\" class=\"wp-image-1750\" width=\"512\" height=\"347\" srcset=\"https:\/\/www.andreas-mehltretter.de\/archiv\/wp-content\/uploads\/2022\/07\/Sommertour-Label-mit-Karte-1024x694.png 1024w, https:\/\/www.andreas-mehltretter.de\/archiv\/wp-content\/uploads\/2022\/07\/Sommertour-Label-mit-Karte-300x203.png 300w, https:\/\/www.andreas-mehltretter.de\/archiv\/wp-content\/uploads\/2022\/07\/Sommertour-Label-mit-Karte-768x520.png 768w, https:\/\/www.andreas-mehltretter.de\/archiv\/wp-content\/uploads\/2022\/07\/Sommertour-Label-mit-Karte-1536x1041.png 1536w, https:\/\/www.andreas-mehltretter.de\/archiv\/wp-content\/uploads\/2022\/07\/Sommertour-Label-mit-Karte-2048x1387.png 2048w\" sizes=\"auto, (max-width: 512px) 100vw, 512px\" \/><\/a><\/figure>\n<\/div>\n\n\n<p>Vom 31. Juli bis zum 5. August war ich auf meiner Sommertour mit dem Fahrrad im Wahlkreis unterwegs. Dabei will ich mit den B\u00fcrgerinnen und B\u00fcrgern in Austausch zu kommen und spannende Organisationen, Betriebe und Einrichtungen besuchen. Mit 22 Terminen und rund 220 km Gesamtstrecke f\u00fchrt die Sommertour quer durch den Wahlkreis.<\/p>\n\n\n\n<p><a href=\"https:\/\/www.andreas-mehltretter.de\/links\/sommertour2022\" target=\"_blank\" rel=\"noreferrer noopener\">Eine \u00dcbersicht \u00fcber alle Termine finden Sie hier<\/a>.<\/p>\n\n\n\n<p>Diese Termine waren \u00f6ffentlich f\u00fcr alle B\u00fcrger:innen:<\/p>\n\n\n\n<ul class=\"wp-block-list\"><li><strong>Offener Stammtisch in Pfaffenhofen<\/strong> am Sonntag, den 31. Juli, ab 19 Uhr im M\u00fcllerbr\u00e4u Pfaffenhofen (Hauptplatz 2, Pfaffenhofen an der Ilm)<\/li><li><strong>Stadtf\u00fchrung durch Schrobenhausen<\/strong> am Montag, den 1. August, ab 18 Uhr, Startpunkt am Spargelmuseum<\/li><li><strong>Biergartenbesuch in Schrobenhausen<\/strong> am Montag, den 1. August, ab 19:30 Uhr im Bauernbr\u00e4u Schrobenhausen (In der Lachen 2, Schrobenhausen)<\/li><li><strong>Offenes Mittagessen mit Mathias Kern<\/strong> (BM Attenkirchen) in Au in der Hallertau am Dienstag, den 2. August, um 12 Uhr im Schlo\u00dfbr\u00e4ukeller (Schlo\u00dfbr\u00e4ugasse 2, Au in der Hallertau)<\/li><li><strong>Offenes Mittagessen in Langenbach<\/strong> am Mittwoch, den 3. August, um 12 Uhr beim Alten Wirt in Langenbach (Freisinger Str. 8, Langenbach)<\/li><li><strong>Offener Stammtisch mit den Solarfreunden Moosburg<\/strong> am Mittwoch, den 3. August, um 19 Uhr im Restaurant Zur L\u00e4nd (L\u00e4nde 1, Moosburg an der Isar)<\/li><li><strong>Offenes Mittagessen in Pulling<\/strong> am Freitag, den 5. August, um 12 Uhr im Pullinger Seest\u00fcberl am Pullinger Weiher<\/li><\/ul>\n\n\n\n<p>Vielen Dank f\u00fcr die spannenden Gespr\u00e4che auf der Tour!<\/p>\n\n\n\n<p><\/p>\n\n\n\n<p><\/p>\n\n\n\n<h2 class=\"wp-block-heading\">Vergangene Veranstaltungen<\/h2>\n\n\n\n<p>Online-Diskussion: Den Frieden gemeinsam verteidigen<\/p>\n\n\n\n<p>mit <strong>Gabriela Heinrich, stellvertretende SPD-Fraktionsvorsitzende f\u00fcr Au\u00dfen- und Verteidigungspolitik<\/strong><\/p>\n\n\n\n<p>am <strong>Freitag, den 11. M\u00e4rz, 19 Uhr<\/strong><br>per Zoom: <a href=\"https:\/\/www.andreas-mehltretter.de\/link\/ukraine\">https:\/\/www.andreas-mehltretter.de\/link\/ukraine<\/a><\/p>\n\n\n\n<p><a href=\"https:\/\/www.facebook.com\/events\/493209755815395\" target=\"_blank\" rel=\"noreferrer noopener\">Die Facebook-Veranstaltung finden Sie hier.<\/a><\/p>\n\n\n\n<figure class=\"wp-block-image size-large is-resized\"><a href=\"https:\/\/www.andreas-mehltretter.de\/wp\/wp-content\/uploads\/2022\/03\/Den-Frieden-gemeinsam-verteidigen.jpg\"><img loading=\"lazy\" decoding=\"async\" src=\"https:\/\/www.andreas-mehltretter.de\/wp\/wp-content\/uploads\/2022\/03\/Den-Frieden-gemeinsam-verteidigen-1024x1024.jpg\" alt=\"\" class=\"wp-image-1705\" width=\"512\" height=\"512\" srcset=\"https:\/\/www.andreas-mehltretter.de\/archiv\/wp-content\/uploads\/2022\/03\/Den-Frieden-gemeinsam-verteidigen-1024x1024.jpg 1024w, https:\/\/www.andreas-mehltretter.de\/archiv\/wp-content\/uploads\/2022\/03\/Den-Frieden-gemeinsam-verteidigen-300x300.jpg 300w, https:\/\/www.andreas-mehltretter.de\/archiv\/wp-content\/uploads\/2022\/03\/Den-Frieden-gemeinsam-verteidigen-150x150.jpg 150w, https:\/\/www.andreas-mehltretter.de\/archiv\/wp-content\/uploads\/2022\/03\/Den-Frieden-gemeinsam-verteidigen-768x768.jpg 768w, https:\/\/www.andreas-mehltretter.de\/archiv\/wp-content\/uploads\/2022\/03\/Den-Frieden-gemeinsam-verteidigen.jpg 1080w\" sizes=\"auto, (max-width: 512px) 100vw, 512px\" \/><\/a><\/figure>\n\n\n\n<p><\/p>\n\n\n\n<h2 class=\"wp-block-heading\">Vergangene Termine aus dem Bundestagswahlkampf<\/h2>\n\n\n\n<ul class=\"wp-block-list\"><li>17. September 2021: Online-\u201eHappy-Hour\u201c mit dem stv. SPD-Bundesvorsitzenden Kevin K\u00fchnert<\/li><li>17. September 2021: Informationsgespr\u00e4ch zur PFC-Problematik in Manching<\/li><li>17. September 2021: Informationsgespr\u00e4ch zum geplanten Ausbau der B16 in Manching<\/li><li>16. September 2021: Bahnhofsverteilung in Freising<\/li><li>15. September 2021: Podiumsdiskussion \u201eIdeenschmiede Moosburg\u201c<\/li><li>15. September 2021: Fortschrittstour bei den Johannitern Allershausen<\/li><li>15. September 2021: Fortschrittstour beim Roboterhersteller Yaskawa in Allershausen<\/li><li>14. September 2021: Fortschrittstour beim Stalag-Museum in Moosburg<\/li><li>14. September 2021: Fortschrittstour beim Maskenhersteller SWS Medicare in Moosburg<\/li><li>14. September 2021: Aktion zum Schulanfang in Schrobenhausen<\/li><li>13. September 2021: Veranstaltung zur digitalisierten Arbeitswelt<\/li><li>12. September 2021: Public Viewing des TV-Triells in Langenbach<\/li><li>11. September 2021: Juso-Bus in Freising<\/li><li>11. September 2021: Infostand in Freising<\/li><li>10. September 2021: Nachtinfostand in Wolnzach<\/li><li>10. September 2021: Fortschrittstour im Schrobenhausener FFH-Gebiet \u201eGoachat\u201c \u2013 Bericht dazu siehe <a href=\"https:\/\/www.andreas-mehltretter.de\/wp\/2021\/09\/staatsregierung-schlaeft-wir-muessen-das-goachat-retten\/\" data-type=\"post\" data-id=\"1591\">hier<\/a><\/li><li>9. September 2021: Besuch und \u00dcbergabe von B\u00fcchern beim Buchcaf\u00e9 Etappe, Freising<\/li><li>9. September 2021: Bahnhofsverteilung in Moosburg<\/li><li>8. September 2021: Veranstaltung zur richtigen Politik f\u00fcr unsere Kinder \u2013 Bericht dazu siehe <a href=\"https:\/\/www.andreas-mehltretter.de\/wp\/2021\/09\/kinder-haben-rechte-und-die-politik-muss-sie-besser-achten\/\" data-type=\"post\" data-id=\"1598\">hier<\/a><\/li><li>8. September 2021: Bahnhofsverteilung in Hallbergmoos<\/li><li>5. September 2021: Infostand in Schrobenhausen<\/li><li>4. September 2021: Nachtinfostand in Neufahrn<\/li><li>4. September 2021: Infostand in Moosburg<\/li><li>3. September 2021: Kaffee und Kuchen mit Saskia Esken<\/li><li>2. September 2021: Podiumsdiskussion der Ahmadiyya-Gemeinde Neufahrn<\/li><li>1. September 2021: Informationsgespr\u00e4ch mit der Arbeitsgemeinschaft Deutscher Flugl\u00e4rmkommissionen<\/li><li>31. August 2021: Veranstaltung zur richtigen Finanzpolitik f\u00fcr die aktuellen Herausforderungen \u2013 Bericht dazu siehe <a href=\"https:\/\/www.andreas-mehltretter.de\/wp\/2021\/09\/mit-klugen-investitionen-fuer-die-zukunft-vorbauen\/\" data-type=\"post\" data-id=\"1581\">hier<\/a><\/li><li>28. August 2021: Fortschrittstour am Solarpark Paunzhausen<\/li><li>28. August 2021: Fortschrittstour beim AWO-Sozialkaufhaus in Wolnzach<\/li><li>27. August 2021: Nachtinfostand am Pfaffenhofener Hauptplatz<\/li><li>27. August 2021: Fortschrittstour zum Thema Tempo 30 in Langenbach<\/li><li>20. August 2021: Fortschrittstour mit Rolf M\u00fctzenich, SPD-Fraktionsvorsitzender, in Pfaffenhofen<\/li><li>18. August 2021: Fortschrittstour am B\u00fcrgerwindrad in Pfaffenhofen \u2013 Bericht dazu siehe <a href=\"https:\/\/www.andreas-mehltretter.de\/wp\/2021\/08\/huerden-auf-dem-weg-zur-klimaneutralitaet-mehltretter-informiert-sich-am-pfaffenhofener-buergerwindrad\/\" data-type=\"post\" data-id=\"1560\">hier<\/a><\/li><li>14. August 2021: Nachtinfostand in der Freisinger Innenstadt<\/li><li>11. August 2021: Pizza und Politik in der Freisinger Innenstadt<\/li><li>9. August 2021: Veranstaltung zu energieeffizienter Sanierung und Neubau \u2013 Bericht dazu siehe <a href=\"https:\/\/www.andreas-mehltretter.de\/wp\/2021\/08\/energetische-sanierung-gegen-den-klimawandel-energieberater-haelt-vortrag-bei-spd-veranstaltung\/\" data-type=\"post\" data-id=\"1534\">hier<\/a><\/li><li>7. August 2021: Treffen mit dem ver.di-Ortsverein Flughafenregion zur Lage am Flughafen<\/li><li>7. August 2021: Treffen mit BN-Kreisvorsitzendem Willner zur Lage der Isarauen<\/li><li>6. August 2021: Fortschrittstour in Attenkirchen \u2013 Bericht dazu siehe <a href=\"https:\/\/www.andreas-mehltretter.de\/wp\/2021\/08\/mehltretter-auf-fortschrittstour-in-attenkirchen\/\" data-type=\"post\" data-id=\"1522\">hier<\/a><\/li><li>5. August 2021: Besichtigung der Ziegelei Leipfinger-Bader und des Neuen Bucher Geschichtsbodens<\/li><li>4. August 2021: Mitgliederversammlung Frieda und Ben e. V.<\/li><li>26. Juli 2021: Aktion von ver.di bei Amazon Moosburg \u2013 Bericht dazu siehe <a href=\"https:\/\/www.andreas-mehltretter.de\/wp\/2021\/07\/fuer-bessere-loehne-und-arbeitsbedingungen-ver-di-aktion-bei-amazon-in-moosburg\/\" data-type=\"post\" data-id=\"1503\">hier<\/a><\/li><li>25. Juli 2021: Podiumsdiskussion des DGB Pfaffenhofen<\/li><li>21. Juli 2021: Vertreterversammlung der Freisinger Bank<\/li><li>20. Juli 2021: Podiumsdiskussion der Caritas Freising<\/li><li>17. Juli 2021: Infostand der SPD Freising<\/li><li>15. Juli 2021: Besichtigung geplante Bebauung am Neustifter Feld in Freising<\/li><li>14. Juli 2021: Wie wir eine gerechte Grundsicherung schaffen \u2013 Bericht dazu siehe <a href=\"https:\/\/www.andreas-mehltretter.de\/wp\/2021\/07\/reformvorschlaege-fuer-eine-solidarische-grundsicherung\/\" data-type=\"post\" data-id=\"1485\">hier<\/a><\/li><li>30. Juni 2021: Veranstaltung der Jusos Freising zur Gefahr von rechts<\/li><li>20. Juni 2021: Zukunftscamp der Bundes-SPD<\/li><li>16. Juni 2021: Wohnen ist Menschenrecht! Wie wir Mieter*innen st\u00e4rken \u2013 Bericht dazu siehe <a href=\"https:\/\/www.andreas-mehltretter.de\/wp\/2021\/06\/mit-dem-mietrecht-mieterinnen-staerken-und-entlasten\/\" data-type=\"post\" data-id=\"1443\">hier<\/a><\/li><li>3. Juni 2021: Cradle to cradle \u2013 Veranstaltung der SPD Eching zur Kreislaufwirtschaft<\/li><li>31. Mai 2021: Lust auf Fortschritt \u2013 Fakten und Storys zum Zukunftsprogramm der SPD \u2013 Bericht dazu siehe <a href=\"https:\/\/www.andreas-mehltretter.de\/wp\/2021\/06\/ein-wilder-ritt-durchs-zukunftsprogramm-der-spd\/\" data-type=\"post\" data-id=\"1429\">hier<\/a><\/li><li>26. Mai 2021: Stammtisch der SPD Schrobenhausen<\/li><li>19. Mai 2021: Konsequente Energiewende \u2013 gerecht und lokal umgesetzt \u2013 Bericht dazu siehe <a href=\"https:\/\/www.andreas-mehltretter.de\/wp\/2021\/05\/wie-wir-die-energiewende-lokal-und-sozial-gerecht-anpacken\/\" data-type=\"post\" data-id=\"1404\">hier<\/a><\/li><li>9. Mai 2021: SPD-Bundesparteitag mit Verabschiedung des <a href=\"https:\/\/www.spd.de\/zukunftsprogramm\/\">Zukunftsprogramms<\/a><\/li><li>28. April 2021: Zukunftsgespr\u00e4ch mit Olaf Scholz \u2013 <a href=\"https:\/\/www.andreas-mehltretter.de\/wp\/2021\/04\/spannende-diskussionen-beim-zukunftsgespraech-mit-olaf-scholz\/\" data-type=\"post\" data-id=\"1351\">Video und weitere Informationen dazu siehe hier<\/a><\/li><li>10. April 2021: Aktion Saubere Landschaft des Arbeitskreises Rote Umweltpolitik in Neufahrn<\/li><li>3. April 2021: Oster-Aktion in Schrobenhausen<\/li><li>11. M\u00e4rz 2021: Frauentags-Aktion in Schrobenhausen<\/li><\/ul>\n","protected":false},"excerpt":{"rendered":"<p>Ern\u00e4hrungs- und Energiesicherheit \u2013 wie wir diese globalen Herausforderungen bew\u00e4ltigen k\u00f6nnen Diskussionsveranstaltung mitDr. B\u00e4rbel Kofler, MdB, Parlamentarische Staatssekret\u00e4rin bei der &hellip; <a href=\"https:\/\/www.andreas-mehltretter.de\/archiv\/termine\/\" class=\"more-link\">Continue reading <span class=\"screen-reader-text\">Termine<\/span><\/a><\/p>\n","protected":false},"author":2,"featured_media":0,"parent":0,"menu_order":0,"comment_status":"closed","ping_status":"closed","template":"","meta":{"jetpack_post_was_ever_published":false,"footnotes":""},"class_list":["post-1306","page","type-page","status-publish","hentry"],"jetpack_sharing_enabled":true,"_links":{"self":[{"href":"https:\/\/www.andreas-mehltretter.de\/archiv\/wp-json\/wp\/v2\/pages\/1306","targetHints":{"allow":["GET"]}}],"collection":[{"href":"https:\/\/www.andreas-mehltretter.de\/archiv\/wp-json\/wp\/v2\/pages"}],"about":[{"href":"https:\/\/www.andreas-mehltretter.de\/archiv\/wp-json\/wp\/v2\/types\/page"}],"author":[{"embeddable":true,"href":"https:\/\/www.andreas-mehltretter.de\/archiv\/wp-json\/wp\/v2\/users\/2"}],"replies":[{"embeddable":true,"href":"https:\/\/www.andreas-mehltretter.de\/archiv\/wp-json\/wp\/v2\/comments?post=1306"}],"version-history":[{"count":34,"href":"https:\/\/www.andreas-mehltretter.de\/archiv\/wp-json\/wp\/v2\/pages\/1306\/revisions"}],"predecessor-version":[{"id":1770,"href":"https:\/\/www.andreas-mehltretter.de\/archiv\/wp-json\/wp\/v2\/pages\/1306\/revisions\/1770"}],"wp:attachment":[{"href":"https:\/\/www.andreas-mehltretter.de\/archiv\/wp-json\/wp\/v2\/media?parent=1306"}],"curies":[{"name":"wp","href":"https:\/\/api.w.org\/{rel}","templated":true}]}}