{"id":372,"date":"2016-11-01T23:21:43","date_gmt":"2016-11-01T22:21:43","guid":{"rendered":"https:\/\/www.andreas-mehltretter.de\/wp\/?page_id=372"},"modified":"2021-09-30T18:47:56","modified_gmt":"2021-09-30T16:47:56","slug":"ueber-mich","status":"publish","type":"page","link":"https:\/\/www.andreas-mehltretter.de\/archiv\/ueber-mich\/","title":{"rendered":"\u00dcber mich"},"content":{"rendered":"\n<p><strong>Bei der Bundestagswahl am 26. September 2021 wurde ich als Mitglied des Bundestags f\u00fcr die SPD gew\u00e4hlt. Meine Homepage wird in den n\u00e4chsten Wochen dazu auf den aktuellen Stand gebracht.<\/strong><\/p>\n\n\n\n<hr class=\"wp-block-separator\"\/>\n\n\n\n<p>Mein Name ist Andreas Mehltretter, ich bin am 10. Dezember 1991 in Moosburg a. d. Isar geboren, aufgewachsen in Freising und Marzling und wohne jetzt in Freising.<\/p>\n\n\n\n<p>Nach meinem Abitur am Dom-Gymnasium in Freising 2011 (im guten alten G9) habe ich an der LMU in M\u00fcnchen Volkswirtschaftslehre im Bachelor studiert. Im Mai 2017 habe ich meinen <strong>Master in \u201eEconomics\u201c<\/strong> an der LMU abgeschlossen. Seit Juli 2017 arbeite ich am Geschwister-Scholl-Institut f\u00fcr Politikwissenschaften an meiner <strong>Promotion zum Zusammenhang von Waffenhandel und innerstaatlichen Konflikten<\/strong>.<\/p>\n\n\n\n<p>Bei der <strong>Kommunalwahl am 16. M\u00e4rz 2020<\/strong> wurde ich in <strong>Freising<\/strong> zum <strong>Stadtrat<\/strong> gew\u00e4hlt. Seit 7. Mai 2020 bin ich im Stadtrat als <strong>Referent f\u00fcr Wirtschaft und Digitalisierung<\/strong> zust\u00e4ndig.<\/p>\n\n\n\n<div class=\"wp-block-image\"><figure class=\"alignleft size-medium\"><a href=\"https:\/\/www.andreas-mehltretter.de\/wp\/wp-content\/uploads\/2016\/11\/Madison-State-Capitol.jpg\"><img loading=\"lazy\" decoding=\"async\" width=\"300\" height=\"225\" src=\"https:\/\/www.andreas-mehltretter.de\/wp\/wp-content\/uploads\/2016\/11\/Madison-State-Capitol-300x225.jpg\" alt=\"Das State Capitol in Madison.\" class=\"wp-image-393\" srcset=\"https:\/\/www.andreas-mehltretter.de\/archiv\/wp-content\/uploads\/2016\/11\/Madison-State-Capitol-300x225.jpg 300w, https:\/\/www.andreas-mehltretter.de\/archiv\/wp-content\/uploads\/2016\/11\/Madison-State-Capitol-768x576.jpg 768w, https:\/\/www.andreas-mehltretter.de\/archiv\/wp-content\/uploads\/2016\/11\/Madison-State-Capitol-1024x768.jpg 1024w, https:\/\/www.andreas-mehltretter.de\/archiv\/wp-content\/uploads\/2016\/11\/Madison-State-Capitol-1200x900.jpg 1200w\" sizes=\"auto, (max-width: 300px) 100vw, 300px\" \/><\/a><figcaption>Das State Capitol in Madison.<\/figcaption><\/figure><\/div>\n\n\n\n<p>Im Zuge des Masterstudiums habe ich 2015 ein Semester in den USA an der renommierten University of Wisconsin in Madison im PhD-Programm Economics studiert.<\/p>\n\n\n\n<p>Seit einigen Jahren betreibe ich nebenher ein Kleingewerbe f\u00fcr IT-Dienstleistungen. W\u00e4hrend meines Studiums habe ich u. a. im Einzelhandel, als \u00dcbersetzer von Software-Handb\u00fcchern oder als wissenschaftliche Hilfskraft gearbeitet.<\/p>\n\n\n\n<p>Seit meinem Eintritt im Januar 2012 bin ich auch in der SPD engagiert: Ich bin <strong>Vorsitzender der SPD im Kreis Freising<\/strong> und war bis April 2021 <strong>Beisitzer im Landesvorstand der BayernSPD<\/strong>. Bis September 2020 war ich Sprecher der Agenda21-Gruppe Bauen, Wohnen und Verkehr der Stadt Freising; in den Agenda21-Gruppen k\u00f6nnen B\u00fcrger*innen eigene Ideen und Vorschl\u00e4ge f\u00fcr die Stadt einbringen und diskutieren. Im Kreisverband der Arbeiterwohlfahrt Freising darf ich au\u00dferdem als Kassier die Finanzen verwalten.<\/p>\n\n\n\n<p>2017 habe ich bereits als <strong>SPD-Bundestagskandidat<\/strong> f\u00fcr den Wahlkreis 214 kandidiert. Mit meiner Kandidatur habe ich mich f\u00fcr mehr soziale Gerechtigkeit und eine vern\u00fcnftige, zukunftsgerichtete Finanz- und Investitionspolitik eingesetzt und wollte mich&nbsp;dem Rechtsruck in unserer Gesellschaft entschieden entgegenstellen. Dies will ich auch 2021 mit meiner erneuten Kandidatur tun \u2013 <a href=\"https:\/\/www.andreas-mehltretter.de\/wp\/meine-schwerpunkte\/\" data-type=\"page\" data-id=\"1045\">meine inhaltlichen Schwerpunkte finden Sie hier<\/a>.<\/p>\n\n\n\n<div class=\"wp-block-image\"><figure class=\"alignright size-medium\"><img loading=\"lazy\" decoding=\"async\" width=\"300\" height=\"200\" src=\"https:\/\/www.andreas-mehltretter.de\/wp\/wp-content\/uploads\/2016\/11\/Andreas-Rovinj-300x200.jpg\" alt=\"andreas-rovinj\" class=\"wp-image-395\" srcset=\"https:\/\/www.andreas-mehltretter.de\/archiv\/wp-content\/uploads\/2016\/11\/Andreas-Rovinj-300x200.jpg 300w, https:\/\/www.andreas-mehltretter.de\/archiv\/wp-content\/uploads\/2016\/11\/Andreas-Rovinj-768x512.jpg 768w, https:\/\/www.andreas-mehltretter.de\/archiv\/wp-content\/uploads\/2016\/11\/Andreas-Rovinj-1024x683.jpg 1024w, https:\/\/www.andreas-mehltretter.de\/archiv\/wp-content\/uploads\/2016\/11\/Andreas-Rovinj-1200x800.jpg 1200w\" sizes=\"auto, (max-width: 300px) 100vw, 300px\" \/><\/figure><\/div>\n\n\n\n<p><strong>Politik und Arbeit sind aber sicher nicht alles im Leben!<\/strong> F\u00fcr mich entscheidend sind Familie&nbsp;und Freunde, aber auch gute und laute Musik, etwa von meiner Lieblingsband The Flaming Lips (das neue Album \u201eAmerican Head\u201c ist gro\u00dfartig, <a href=\"https:\/\/www.andreas-mehltretter.de\/wp\/meine-top-alben-listen\/meine-top-alben-2020\/\">hier gibts meine Liste der \u201ebesten\u201c Alben aus dem Jahr 2020<\/a>), Konzerte, gro\u00dfe B\u00fccher wie z. B. Nino Haratischwilis \u201eDas achte Leben (F\u00fcr Brilka)\u201c und, nicht zu vergessen, Schi- und Rennradfahren!<\/p>\n\n\n\n<p><a href=\"https:\/\/www.facebook.com\/andreasmehltretter\">Hier<\/a> findet sich mein Facebook-Profil, <a href=\"https:\/\/www.facebook.com\/andreasmehltretterSPD\/\">hier<\/a> meine politische&nbsp;<strong>Facebook<\/strong>-Seite und <a href=\"https:\/\/twitter.com\/Mehli\">hier<\/a> mein <strong>Twitter<\/strong>-Profil. Weitere Kontaktm\u00f6glichkeiten gibt es auf der Seite <a href=\"https:\/\/www.andreas-mehltretter.de\/wp\/kontakt\/\" target=\"_blank\" rel=\"noopener noreferrer\">Kontakt<\/a>.<\/p>\n","protected":false},"excerpt":{"rendered":"<p>Bei der Bundestagswahl am 26. September 2021 wurde ich als Mitglied des Bundestags f\u00fcr die SPD gew\u00e4hlt. Meine Homepage wird &hellip; <a href=\"https:\/\/www.andreas-mehltretter.de\/archiv\/ueber-mich\/\" class=\"more-link\">Continue reading <span class=\"screen-reader-text\">\u00dcber mich<\/span><\/a><\/p>\n","protected":false},"author":2,"featured_media":0,"parent":0,"menu_order":0,"comment_status":"closed","ping_status":"closed","template":"","meta":{"jetpack_post_was_ever_published":false,"footnotes":""},"class_list":["post-372","page","type-page","status-publish","hentry"],"jetpack_sharing_enabled":true,"_links":{"self":[{"href":"https:\/\/www.andreas-mehltretter.de\/archiv\/wp-json\/wp\/v2\/pages\/372","targetHints":{"allow":["GET"]}}],"collection":[{"href":"https:\/\/www.andreas-mehltretter.de\/archiv\/wp-json\/wp\/v2\/pages"}],"about":[{"href":"https:\/\/www.andreas-mehltretter.de\/archiv\/wp-json\/wp\/v2\/types\/page"}],"author":[{"embeddable":true,"href":"https:\/\/www.andreas-mehltretter.de\/archiv\/wp-json\/wp\/v2\/users\/2"}],"replies":[{"embeddable":true,"href":"https:\/\/www.andreas-mehltretter.de\/archiv\/wp-json\/wp\/v2\/comments?post=372"}],"version-history":[{"count":28,"href":"https:\/\/www.andreas-mehltretter.de\/archiv\/wp-json\/wp\/v2\/pages\/372\/revisions"}],"predecessor-version":[{"id":1645,"href":"https:\/\/www.andreas-mehltretter.de\/archiv\/wp-json\/wp\/v2\/pages\/372\/revisions\/1645"}],"wp:attachment":[{"href":"https:\/\/www.andreas-mehltretter.de\/archiv\/wp-json\/wp\/v2\/media?parent=372"}],"curies":[{"name":"wp","href":"https:\/\/api.w.org\/{rel}","templated":true}]}}