{"id":981,"date":"2019-12-29T13:12:19","date_gmt":"2019-12-29T12:12:19","guid":{"rendered":"https:\/\/www.andreas-mehltretter.de\/wp\/?page_id=981"},"modified":"2019-12-29T13:12:20","modified_gmt":"2019-12-29T12:12:20","slug":"meine-top-alben-2019","status":"publish","type":"page","link":"https:\/\/www.andreas-mehltretter.de\/archiv\/meine-top-alben-listen\/meine-top-alben-2019\/","title":{"rendered":"Meine Top-Alben 2019"},"content":{"rendered":"\n<p>Voil\u00e0, hier kommt die Liste meiner Top-Alben des Jahres 2019. Ganz oben, relativ wenig \u00fcberraschend f\u00fcr alle, die mich kennen: Flaming Lips, mit dem eing\u00e4ngigsten Album seit mindestens zehn Jahren. Die Pl\u00e4tze 2 und 3 folgen aber mit sehr geringem Abstand, und auch allgemein geht\u2019s bis weit in die 20er mit ausschlie\u00dflich hervorragenden Alben weiter \u2013 2019 hat zumindest musikalisch auf jeden Fall Spa\u00df gemacht!<\/p>\n\n\n\n<ol class=\"wp-block-list\"><li>The Flaming Lips: King\u2019s Mouth<\/li><li>Vampire Weekend: Father of the Bride<\/li><li>Billie Eilish: When We All Fall Asleep, Where Do We Go?<\/li><li>Pauls Jets: Alle Songs bisher<\/li><li>Die h\u00f6chste Eisenbahn: Ich glaub dir alles<\/li><li>half\u2219alive: Now, Not Yet<\/li><li>Lana Del Rey: Norman Fucking Rockwell<\/li><li>Bilderbuch: Vernissage My Heart<\/li><li>Karen O.\/Danger Mouse: Lux Prima<\/li><li>Nick Waterhouse: Nick Waterhouse<\/li><li>James Blake: Assume Form<\/li><li>King Princess: Cheap Queen<\/li><li>Elbow: Giants of All Sizes<\/li><li>Andrew Bird: My Finest Work Yet<\/li><li>Nil\u00fcfer Yanya: Miss Universe<\/li><li>Aldous Harding: Designer<\/li><li>The Raconteurs: Help Us Stranger<\/li><li>Dominique Fils-Aim\u00e9: Stay Tuned!<\/li><li>Metronomy: Metronomy Forever<\/li><li>Stella Donnelly: Beware of the Dogs<\/li><li>The National: I Am Easy to Find<\/li><li>Hayden Thorpe: Diviner<\/li><li>Wilco: Ode to Joy<\/li><li>Vagabon: Vagabon<\/li><li>The Claypool Lennon Delirium: South of Reality<\/li><li>Methy Ethyl: Triage<\/li><li>Weyes Blood: Titanic Rising<\/li><li>Papooz: Night Sketches<\/li><li>Bon Iver: i,i<\/li><li>Frankie Cosmos: Close It Quietly<\/li><li>Skarb\u00f8 Skulekorps: Skarb\u00f8 Skulekorps<\/li><li>Big Thief: U.F.O.F.<\/li><li>Kelsey Lu: Blood<\/li><li>J\u00fan\u00edus Meyvant: Across the Borders<\/li><li>Whitney: Forever Turned Around<\/li><li>Coldplay: Everyday Life<\/li><li>Ilgen-Nur: Power Nap<\/li><li>SPARKLING: I Want to See Everything<\/li><li>Shura: forevher<\/li><li>Bedouine: Bird Songs of a Killjoy<\/li><li>Die Heiterkeit: Was passiert ist<\/li><li>Jay Som: Anak Ko<\/li><li>Temples: Hot Motion<\/li><li>Gemma Ray: Pschogeology<\/li><li>Devendra Banhart: Ma<\/li><li>Nick Cave &amp; The Bad Seeds: Ghosteen<\/li><li>Tindersticks: No Treasure But Hope<\/li><li>COMA: Voyage Voyage<\/li><li>Jack Pe\u00f1ate: After You<\/li><li>Solange: When I Get Home<\/li><\/ol>\n","protected":false},"excerpt":{"rendered":"<p>Voil\u00e0, hier kommt die Liste meiner Top-Alben des Jahres 2019. Ganz oben, relativ wenig \u00fcberraschend f\u00fcr alle, die mich kennen: &hellip; <a href=\"https:\/\/www.andreas-mehltretter.de\/archiv\/meine-top-alben-listen\/meine-top-alben-2019\/\" class=\"more-link\">Continue reading <span class=\"screen-reader-text\">Meine Top-Alben 2019<\/span><\/a><\/p>\n","protected":false},"author":2,"featured_media":0,"parent":935,"menu_order":0,"comment_status":"closed","ping_status":"closed","template":"","meta":{"jetpack_post_was_ever_published":false,"footnotes":""},"class_list":["post-981","page","type-page","status-publish","hentry"],"jetpack_sharing_enabled":true,"_links":{"self":[{"href":"https:\/\/www.andreas-mehltretter.de\/archiv\/wp-json\/wp\/v2\/pages\/981","targetHints":{"allow":["GET"]}}],"collection":[{"href":"https:\/\/www.andreas-mehltretter.de\/archiv\/wp-json\/wp\/v2\/pages"}],"about":[{"href":"https:\/\/www.andreas-mehltretter.de\/archiv\/wp-json\/wp\/v2\/types\/page"}],"author":[{"embeddable":true,"href":"https:\/\/www.andreas-mehltretter.de\/archiv\/wp-json\/wp\/v2\/users\/2"}],"replies":[{"embeddable":true,"href":"https:\/\/www.andreas-mehltretter.de\/archiv\/wp-json\/wp\/v2\/comments?post=981"}],"version-history":[{"count":4,"href":"https:\/\/www.andreas-mehltretter.de\/archiv\/wp-json\/wp\/v2\/pages\/981\/revisions"}],"predecessor-version":[{"id":985,"href":"https:\/\/www.andreas-mehltretter.de\/archiv\/wp-json\/wp\/v2\/pages\/981\/revisions\/985"}],"up":[{"embeddable":true,"href":"https:\/\/www.andreas-mehltretter.de\/archiv\/wp-json\/wp\/v2\/pages\/935"}],"wp:attachment":[{"href":"https:\/\/www.andreas-mehltretter.de\/archiv\/wp-json\/wp\/v2\/media?parent=981"}],"curies":[{"name":"wp","href":"https:\/\/api.w.org\/{rel}","templated":true}]}}